{"id":153,"date":"2022-02-23T13:07:28","date_gmt":"2022-02-23T13:07:28","guid":{"rendered":"https:\/\/redeaproduction.com\/?page_id=153"},"modified":"2025-06-25T15:46:20","modified_gmt":"2025-06-25T15:46:20","slug":"publishing","status":"publish","type":"page","link":"https:\/\/redeaproduction.com\/?page_id=153","title":{"rendered":"Publishing"},"content":{"rendered":"\n<p><strong>Redea<\/strong>&#8216;s new release:<\/p>\n\n\n\n<div class=\"wp-block-media-text is-stacked-on-mobile\"><figure class=\"wp-block-media-text__media\"><img loading=\"lazy\" decoding=\"async\" width=\"926\" height=\"1602\" src=\"https:\/\/redeaproduction.com\/wp-content\/uploads\/2024\/04\/Copertina_GAZA.png\" alt=\"\" class=\"wp-image-463 size-full\" srcset=\"https:\/\/redeaproduction.com\/wp-content\/uploads\/2024\/04\/Copertina_GAZA.png 926w, https:\/\/redeaproduction.com\/wp-content\/uploads\/2024\/04\/Copertina_GAZA-717x1240.png 717w, https:\/\/redeaproduction.com\/wp-content\/uploads\/2024\/04\/Copertina_GAZA-768x1329.png 768w, https:\/\/redeaproduction.com\/wp-content\/uploads\/2024\/04\/Copertina_GAZA-888x1536.png 888w\" sizes=\"auto, (max-width: 926px) 100vw, 926px\" \/><\/figure><div class=\"wp-block-media-text__content\">\n<p>\u00abLe storie e le riflessioni consegnate a questo libro nascono dall&#8217;urgenza di restituire alla popolazione della Striscia di Gaza, che ho raccontato nel corso degli anni, l&#8217;umanit\u00e0 che la guerra scoppiata dopo il 7 ottobre 2023 le ha negato. Sono affioramenti della memoria, sospensioni. Costituiscono un ricordo vivido di un tempo che, per me, non \u00e8 mai trascorso. Sono dispacci dal dimenticatoio, perch\u00e9 \u00e8 per un dimenticatoio che il mondo scambia Gaza: una terra alla quale \u00e8 possibile fare di tutto, tanto finir\u00e0 cancellato dallo smemoramento\u00bb.&nbsp;<\/p>\n<\/div><\/div>\n\n\n\n<p><\/p>\n\n\n\n<p><\/p>\n\n\n\n<div class=\"wp-block-columns is-layout-flex wp-container-core-columns-is-layout-9d6595d7 wp-block-columns-is-layout-flex\">\n<div class=\"wp-block-column is-vertically-aligned-bottom is-layout-flow wp-block-column-is-layout-flow\" style=\"flex-basis:100%\">\n<div class=\"wp-block-media-text is-stacked-on-mobile\"><figure class=\"wp-block-media-text__media\"><img loading=\"lazy\" decoding=\"async\" width=\"1365\" height=\"2400\" src=\"https:\/\/redeaproduction.com\/wp-content\/uploads\/2023\/05\/Sulla-guerra_RedeaPublishing-1365x2400.jpg\" alt=\"\" class=\"wp-image-410 size-full\" srcset=\"https:\/\/redeaproduction.com\/wp-content\/uploads\/2023\/05\/Sulla-guerra_RedeaPublishing-1365x2400.jpg 1365w, https:\/\/redeaproduction.com\/wp-content\/uploads\/2023\/05\/Sulla-guerra_RedeaPublishing-705x1240.jpg 705w, https:\/\/redeaproduction.com\/wp-content\/uploads\/2023\/05\/Sulla-guerra_RedeaPublishing-768x1351.jpg 768w, https:\/\/redeaproduction.com\/wp-content\/uploads\/2023\/05\/Sulla-guerra_RedeaPublishing-873x1536.jpg 873w, https:\/\/redeaproduction.com\/wp-content\/uploads\/2023\/05\/Sulla-guerra_RedeaPublishing-1165x2048.jpg 1165w, https:\/\/redeaproduction.com\/wp-content\/uploads\/2023\/05\/Sulla-guerra_RedeaPublishing.jpg 1409w\" sizes=\"auto, (max-width: 1365px) 100vw, 1365px\" \/><\/figure><div class=\"wp-block-media-text__content\">\n<p>Che cosa spinge gli esseri umani a fare la guerra, sebbene conoscano il disastro che essa rappresenta? Che cosa li rende incapaci di rifiutarla quando, ormai, ci sono finiti dentro e ne subiscono tutte le conseguenze, da civili e da combattenti, oppure quando la osservano da lontano? Perch\u00e9 caschiamo sempre nelle trappole che essa, con infinite astuzie, ci tende? Perch\u00e9, insomma, non riusciamo a non fare la guerra? Sono queste le domande che Gianluca Grossi si portava dentro da tempo, maturate durante la frequentazione ravvicinata dei campi di battaglia: oggi le affronta in un libro di strettissima attualit\u00e0 che intreccia le riflessioni e le confessioni di un reporter che per anni ha raccontato, filmato e fotografato la guerra \u00abstandole dentro fino al collo, anzi oltre\u00bb.<\/p>\n<\/div><\/div>\n<\/div>\n<\/div>\n\n\n\n<div class=\"wp-block-media-text alignwide is-stacked-on-mobile\"><figure class=\"wp-block-media-text__media\"><img loading=\"lazy\" decoding=\"async\" width=\"1600\" height=\"2400\" src=\"https:\/\/redeaproduction.com\/wp-content\/uploads\/2025\/06\/LA_LIBERTA_E_UNA_PAROLA-1600x2400.jpg\" alt=\"\" class=\"wp-image-510 size-full\" srcset=\"https:\/\/redeaproduction.com\/wp-content\/uploads\/2025\/06\/LA_LIBERTA_E_UNA_PAROLA-1600x2400.jpg 1600w, https:\/\/redeaproduction.com\/wp-content\/uploads\/2025\/06\/LA_LIBERTA_E_UNA_PAROLA-827x1240.jpg 827w, https:\/\/redeaproduction.com\/wp-content\/uploads\/2025\/06\/LA_LIBERTA_E_UNA_PAROLA-768x1152.jpg 768w, https:\/\/redeaproduction.com\/wp-content\/uploads\/2025\/06\/LA_LIBERTA_E_UNA_PAROLA-1024x1536.jpg 1024w, https:\/\/redeaproduction.com\/wp-content\/uploads\/2025\/06\/LA_LIBERTA_E_UNA_PAROLA-1365x2048.jpg 1365w, https:\/\/redeaproduction.com\/wp-content\/uploads\/2025\/06\/LA_LIBERTA_E_UNA_PAROLA-scaled.jpg 1707w\" sizes=\"auto, (max-width: 1600px) 100vw, 1600px\" \/><\/figure><div class=\"wp-block-media-text__content\">\n<p><\/p>\n\n\n\n<p><\/p>\n\n\n\n<p class=\"is-style-plain has-medium-font-size\">Dalla paura del virus alla paura della guerra. Una riflessione sul racconto che i mezzi di informazione hanno prodotto della pandemia da Covid19, sull&#8217;affermarsi del giornalismo apocalittico e sulle conseguenze che sta avendo sul nostro rapporto con la realt\u00e0.<\/p>\n\n\n\n<p><\/p>\n\n\n\n<p><\/p>\n\n\n\n<p><\/p>\n\n\n\n<p><\/p>\n\n\n\n<p><\/p>\n\n\n\n<p><\/p>\n<\/div><\/div>\n\n\n\n<blockquote class=\"wp-block-quote is-layout-flow wp-block-quote-is-layout-flow\">\n<p><\/p>\n<\/blockquote>\n","protected":false},"excerpt":{"rendered":"Redea&#8216;s new release: \u00abLe storie e le riflessioni consegnate a questo libro nascono dall&#8217;urgenza di restituire alla popolazione della Striscia di Gaza, che ho raccontato nel corso degli anni, l&#8217;umanit\u00e0 che la guerra scoppiata dopo il 7 ottobre 2023 le ha negato. Sono affioramenti della memoria, sospensioni. Costituiscono un ricordo vivido di un tempo che, [&hellip;]","protected":false},"author":3,"featured_media":262,"parent":0,"menu_order":0,"comment_status":"closed","ping_status":"closed","template":"page-narrow.php","meta":{"_acf_changed":false,"footnotes":""},"class_list":["post-153","page","type-page","status-publish","has-post-thumbnail","hentry"],"acf":{"description":"If there is a book that you want to read, but it hasn't published yet, you must be the one to publish it."},"_links":{"self":[{"href":"https:\/\/redeaproduction.com\/index.php?rest_route=\/wp\/v2\/pages\/153","targetHints":{"allow":["GET"]}}],"collection":[{"href":"https:\/\/redeaproduction.com\/index.php?rest_route=\/wp\/v2\/pages"}],"about":[{"href":"https:\/\/redeaproduction.com\/index.php?rest_route=\/wp\/v2\/types\/page"}],"author":[{"embeddable":true,"href":"https:\/\/redeaproduction.com\/index.php?rest_route=\/wp\/v2\/users\/3"}],"replies":[{"embeddable":true,"href":"https:\/\/redeaproduction.com\/index.php?rest_route=%2Fwp%2Fv2%2Fcomments&post=153"}],"version-history":[{"count":5,"href":"https:\/\/redeaproduction.com\/index.php?rest_route=\/wp\/v2\/pages\/153\/revisions"}],"predecessor-version":[{"id":511,"href":"https:\/\/redeaproduction.com\/index.php?rest_route=\/wp\/v2\/pages\/153\/revisions\/511"}],"wp:featuredmedia":[{"embeddable":true,"href":"https:\/\/redeaproduction.com\/index.php?rest_route=\/wp\/v2\/media\/262"}],"wp:attachment":[{"href":"https:\/\/redeaproduction.com\/index.php?rest_route=%2Fwp%2Fv2%2Fmedia&parent=153"}],"curies":[{"name":"wp","href":"https:\/\/api.w.org\/{rel}","templated":true}]}}